{"id":3494,"date":"2024-08-13T13:47:12","date_gmt":"2024-08-13T11:47:12","guid":{"rendered":"https:\/\/villachems.com\/?post_type=product&#038;p=3494"},"modified":"2025-12-01T17:20:14","modified_gmt":"2025-12-01T16:20:14","slug":"master-suite","status":"publish","type":"product","link":"https:\/\/villachems.com\/en\/product\/master-suite\/","title":{"rendered":"Master Suite"},"content":{"rendered":"<div data-elementor-type=\"product-post\" data-elementor-id=\"3494\" class=\"elementor elementor-3494\" data-elementor-post-type=\"product\">\n\t\t\t\t<div class=\"elementor-element elementor-element-112aa687 e-flex e-con-boxed e-con e-parent\" data-id=\"112aa687\" data-element_type=\"container\">\n\t\t\t\t\t<div class=\"e-con-inner\">\n\t\t\t\t<div class=\"elementor-element elementor-element-25b4644d elementor-widget elementor-widget-text-editor\" data-id=\"25b4644d\" data-element_type=\"widget\" data-widget_type=\"text-editor.default\">\n\t\t\t\t<div class=\"elementor-widget-container\">\n\t\t\t\t\t\t\t\t\t<p>Is located on the ground floor in front of the swimming pool with its private terrace to the garden.<br \/><br \/>The area is 110 M2, there is a large double walk-in wardrobe, a bathroom with corner bath and shower, moroccan zelliges, separate powder room, hair dryer, dry towels and bathrobes.<br \/><br \/>Elle propose un King Size Bed, un coin sofas, un petit salon, une Tv grand \u00e9cran non c\u00e2bl\u00e9e et coffre-fort.<\/p><p><br \/>Climatis\u00e9e et un chauffage par climatisation r\u00e9versible<\/p>\t\t\t\t\t\t\t\t<\/div>\n\t\t\t\t<\/div>\n\t\t\t\t<div class=\"elementor-element elementor-element-8591199 elementor-widget elementor-widget-text-editor\" data-id=\"8591199\" data-element_type=\"widget\" data-widget_type=\"text-editor.default\">\n\t\t\t\t<div class=\"elementor-widget-container\">\n\t\t\t\t\t\t\t\t\t<p><strong>It offers :<\/strong><\/p><div class=\"singleroom_amenities_list_wrapper\"><ul class=\"singleroom_amenities_list\"><li>1 grande TV non c\u00e2bl\u00e9e<\/li><li>1 lit King Size<\/li><li>1 dressing<\/li><li>1 mini coffre-fort<\/li><li>1 min frigo<\/li><li>1 s\u00e8che cheveux<\/li><li>Peignoirs<\/li><li>Produit de soins(douche, shampooing, lave mains et huile D\u2019argan)<\/li><li>Climatisation r\u00e9versible (chaud\/froid)<\/li><li>La taxe de s\u00e9jour de 2,5 Euros \/ Personne, n\u2019est pas incluse<\/li><\/ul><\/div>\t\t\t\t\t\t\t\t<\/div>\n\t\t\t\t<\/div>\n\t\t\t\t\t<\/div>\n\t\t\t\t<\/div>\n\t\t\t\t<\/div>","protected":false},"excerpt":{"rendered":"<p>&#8211; Petit D\u00e9jeuner inclus<\/p>\n<p>&#8211; La taxe de s\u00e9jour de 2,7 EUROS \/ Personne, n\u2019est pas incluse<\/p>","protected":false},"featured_media":3985,"template":"","meta":[],"product_brand":[],"product_cat":[65],"product_tag":[],"class_list":{"0":"post-3494","1":"product","2":"type-product","3":"status-publish","4":"has-post-thumbnail","6":"product_cat-chombre-fr","8":"first","9":"instock","10":"shipping-taxable","11":"product-type-simple"},"_links":{"self":[{"href":"https:\/\/villachems.com\/en\/wp-json\/wp\/v2\/product\/3494","targetHints":{"allow":["GET"]}}],"collection":[{"href":"https:\/\/villachems.com\/en\/wp-json\/wp\/v2\/product"}],"about":[{"href":"https:\/\/villachems.com\/en\/wp-json\/wp\/v2\/types\/product"}],"version-history":[{"count":18,"href":"https:\/\/villachems.com\/en\/wp-json\/wp\/v2\/product\/3494\/revisions"}],"predecessor-version":[{"id":8448,"href":"https:\/\/villachems.com\/en\/wp-json\/wp\/v2\/product\/3494\/revisions\/8448"}],"wp:featuredmedia":[{"embeddable":true,"href":"https:\/\/villachems.com\/en\/wp-json\/wp\/v2\/media\/3985"}],"wp:attachment":[{"href":"https:\/\/villachems.com\/en\/wp-json\/wp\/v2\/media?parent=3494"}],"wp:term":[{"taxonomy":"product_brand","embeddable":true,"href":"https:\/\/villachems.com\/en\/wp-json\/wp\/v2\/product_brand?post=3494"},{"taxonomy":"product_cat","embeddable":true,"href":"https:\/\/villachems.com\/en\/wp-json\/wp\/v2\/product_cat?post=3494"},{"taxonomy":"product_tag","embeddable":true,"href":"https:\/\/villachems.com\/en\/wp-json\/wp\/v2\/product_tag?post=3494"}],"curies":[{"name":"wp","href":"https:\/\/api.w.org\/{rel}","templated":true}]}}