{"id":3675,"date":"2024-08-13T18:21:57","date_gmt":"2024-08-13T16:21:57","guid":{"rendered":"https:\/\/villachems.com\/?page_id=3675"},"modified":"2025-08-27T12:04:43","modified_gmt":"2025-08-27T10:04:43","slug":"excursions-locations-de-voitures","status":"publish","type":"page","link":"https:\/\/villachems.com\/en\/excursions-locations-de-voitures\/","title":{"rendered":"Tours &amp; car Rentals"},"content":{"rendered":"<div data-elementor-type=\"wp-page\" data-elementor-id=\"3675\" class=\"elementor elementor-3675\" data-elementor-post-type=\"page\">\n\t\t\t\t\t\t<section class=\"elementor-section elementor-top-section elementor-element elementor-element-82e7291 elementor-section-boxed elementor-section-height-default elementor-section-height-default\" data-id=\"82e7291\" data-element_type=\"section\">\n\t\t\t\t\t\t<div class=\"elementor-container elementor-column-gap-no\">\n\t\t\t\t\t<div class=\"elementor-column elementor-col-50 elementor-top-column elementor-element elementor-element-3e0a4af\" data-id=\"3e0a4af\" data-element_type=\"column\">\n\t\t\t<div class=\"elementor-widget-wrap elementor-element-populated\">\n\t\t\t\t\t\t<div class=\"elementor-element elementor-element-97c6d30 elementor-widget elementor-widget-romancy_elementor_heading\" data-id=\"97c6d30\" data-element_type=\"widget\" data-widget_type=\"romancy_elementor_heading.default\">\n\t\t\t\t<div class=\"elementor-widget-container\">\n\t\t\t\t\t\t\t<div class=\"ova-title\">\n\n\t\t\t\t\t\t\t<h3 class=\"sub-title\">Excursions private<\/h3>\n\t\t\t\n\t\t\t\t\t\t\t\n\t\t\t\t\t\t\t<h2 class=\"title\">\n\n\t\t\t\t\t\t\t\tAt the start of the house are proposed \t\t\t\t\t\t\t\t \n\n\t\t\t\t\t\t\t<\/h2>\n\t\t\t\t\t\t\t\n\t\t\t\n\t\t<\/div> \n\t\t \t\n\t\t\t\t\t\t<\/div>\n\t\t\t\t<\/div>\n\t\t\t\t<div class=\"elementor-element elementor-element-6b48635 elementor-widget elementor-widget-romancy_elementor_contact_info\" data-id=\"6b48635\" data-element_type=\"widget\" data-widget_type=\"romancy_elementor_contact_info.default\">\n\t\t\t\t<div class=\"elementor-widget-container\">\n\t\t\t\t\t\n\t\t\t<div class=\"ova-contact-info\">\n\t\t\t\t\n\t\t\t\t\t\t\t\t\t<div class=\"icon\">\n\t\t\t\t\t\t<i aria-hidden=\"true\" class=\"ovaicon ovaicon-checked-1\"><\/i>\t\t\t\t\t<\/div>\t\n\t\t\t\t\t\t\t\t\n\n\t\t\t\t<div class=\"contact\">\n\t\t\t\t\t\n\t\t\t\t\t\t\t\t\t\t\t<div class=\"label\">\n\t\t\t\t\t\t\tThe Ourika Valley\t\t\t\t\t\t<\/div>\n\t\t\t\t\t\n\t\t\t\t\t<ul class=\"info\">\n\t\t\t\t\t\t\n\t\t\t\t\t\t\t\t<li class=\"item\">\n\n\t\t\t\t\t\t\t\t\t\t\t\t\t\t\t\t\t\t\t\t\t\t\t\t\t\t\t\t\t\t\t\t\t\t\t\t\t\t\t\t<\/li>\n\t\t\t\t\t\t\t\n\t\t\t\t\t\t\t\t\t\t\t<\/ul>\n\n\t\t\t\t<\/div>\n\n\t\t\t<\/div>\n\n\t\t\t\t\t\t<\/div>\n\t\t\t\t<\/div>\n\t\t\t\t<div class=\"elementor-element elementor-element-36b38ed elementor-widget elementor-widget-romancy_elementor_contact_info\" data-id=\"36b38ed\" data-element_type=\"widget\" data-widget_type=\"romancy_elementor_contact_info.default\">\n\t\t\t\t<div class=\"elementor-widget-container\">\n\t\t\t\t\t\n\t\t\t<div class=\"ova-contact-info\">\n\t\t\t\t\n\t\t\t\t\t\t\t\t\t<div class=\"icon\">\n\t\t\t\t\t\t<i aria-hidden=\"true\" class=\"ovaicon ovaicon-checked-1\"><\/i>\t\t\t\t\t<\/div>\t\n\t\t\t\t\t\t\t\t\n\n\t\t\t\t<div class=\"contact\">\n\t\t\t\t\t\n\t\t\t\t\t\t\t\t\t\t\t<div class=\"label\">\n\t\t\t\t\t\t\tCoucher du Soleil a dos de Dromadaire dans le d\u00e9sert d\u2019Agafay\t\t\t\t\t\t<\/div>\n\t\t\t\t\t\n\t\t\t\t\t<ul class=\"info\">\n\t\t\t\t\t\t\n\t\t\t\t\t\t\t\t<li class=\"item\">\n\n\t\t\t\t\t\t\t\t\t\t\t\t\t\t\t\t\t\t\t\t\t\t\t\t\t\t\t\t\t\t\t\t\t\t\t\t\t\t\t\t<\/li>\n\t\t\t\t\t\t\t\n\t\t\t\t\t\t\n\t\t\t\t\t\t\t\t<li class=\"item\">\n\n\t\t\t\t\t\t\t\t\t\t\t\t\t\t\t\t\t<\/li>\n\t\t\t\t\t\t\t\n\t\t\t\t\t\t\n\t\t\t\t\t\t\t\t<li class=\"item\">\n\n\t\t\t\t\t\t\t\t\t\t\t\t\t\t\t\t\t<\/li>\n\t\t\t\t\t\t\t\n\t\t\t\t\t\t\t\t\t\t\t<\/ul>\n\n\t\t\t\t<\/div>\n\n\t\t\t<\/div>\n\n\t\t\t\t\t\t<\/div>\n\t\t\t\t<\/div>\n\t\t\t\t<div class=\"elementor-element elementor-element-8f6f37a elementor-widget elementor-widget-romancy_elementor_contact_info\" data-id=\"8f6f37a\" data-element_type=\"widget\" data-widget_type=\"romancy_elementor_contact_info.default\">\n\t\t\t\t<div class=\"elementor-widget-container\">\n\t\t\t\t\t\n\t\t\t<div class=\"ova-contact-info\">\n\t\t\t\t\n\t\t\t\t\t\t\t\t\t<div class=\"icon\">\n\t\t\t\t\t\t<i aria-hidden=\"true\" class=\"ovaicon ovaicon-checked-1\"><\/i>\t\t\t\t\t<\/div>\t\n\t\t\t\t\t\t\t\t\n\n\t\t\t\t<div class=\"contact\">\n\t\t\t\t\t\n\t\t\t\t\t\t\t\t\t\t\t<div class=\"label\">\n\t\t\t\t\t\t\tDinner show Fantasia chez Ali\t\t\t\t\t\t<\/div>\n\t\t\t\t\t\n\t\t\t\t\t<ul class=\"info\">\n\t\t\t\t\t\t\n\t\t\t\t\t\t\t\t<li class=\"item\">\n\n\t\t\t\t\t\t\t\t\t\t\t\t\t\t\t\t\t\t\t\t\t\t\t\t\t\t\t\t\t\t\t\t\t\t\t\t\t\t\t\t<\/li>\n\t\t\t\t\t\t\t\n\t\t\t\t\t\t\n\t\t\t\t\t\t\t\t<li class=\"item\">\n\n\t\t\t\t\t\t\t\t\t\t\t\t\t\t\t\t\t<\/li>\n\t\t\t\t\t\t\t\n\t\t\t\t\t\t\t\t\t\t\t<\/ul>\n\n\t\t\t\t<\/div>\n\n\t\t\t<\/div>\n\n\t\t\t\t\t\t<\/div>\n\t\t\t\t<\/div>\n\t\t\t\t<div class=\"elementor-element elementor-element-9c1d3e4 elementor-widget elementor-widget-romancy_elementor_contact_info\" data-id=\"9c1d3e4\" data-element_type=\"widget\" data-widget_type=\"romancy_elementor_contact_info.default\">\n\t\t\t\t<div class=\"elementor-widget-container\">\n\t\t\t\t\t\n\t\t\t<div class=\"ova-contact-info\">\n\t\t\t\t\n\t\t\t\t\t\t\t\t\t<div class=\"icon\">\n\t\t\t\t\t\t<i aria-hidden=\"true\" class=\"ovaicon ovaicon-checked-1\"><\/i>\t\t\t\t\t<\/div>\t\n\t\t\t\t\t\t\t\t\n\n\t\t\t\t<div class=\"contact\">\n\t\t\t\t\t\n\t\t\t\t\t\t\t\t\t\t\t<div class=\"label\">\n\t\t\t\t\t\t\tVisit of the Majorelle gardens, the Koutoubia mosque, the tombs in saudi arabia, the medina, Jemaa el Fna and the souk\t\t\t\t\t\t<\/div>\n\t\t\t\t\t\n\t\t\t\t\t<ul class=\"info\">\n\t\t\t\t\t\t\n\t\t\t\t\t\t\t\t<li class=\"item\">\n\n\t\t\t\t\t\t\t\t\t\t\t\t\t\t\t\t\t\t\t\t\t\t\t\t\t\t\t\t\t\t\t\t\t\t\t\t\t\t\t\t<\/li>\n\t\t\t\t\t\t\t\n\t\t\t\t\t\t\t\t\t\t\t<\/ul>\n\n\t\t\t\t<\/div>\n\n\t\t\t<\/div>\n\n\t\t\t\t\t\t<\/div>\n\t\t\t\t<\/div>\n\t\t\t\t<div class=\"elementor-element elementor-element-493b54b elementor-widget elementor-widget-romancy_elementor_contact_info\" data-id=\"493b54b\" data-element_type=\"widget\" data-widget_type=\"romancy_elementor_contact_info.default\">\n\t\t\t\t<div class=\"elementor-widget-container\">\n\t\t\t\t\t\n\t\t\t<div class=\"ova-contact-info\">\n\t\t\t\t\n\t\t\t\t\t\t\t\t\t<div class=\"icon\">\n\t\t\t\t\t\t<i aria-hidden=\"true\" class=\"ovaicon ovaicon-checked-1\"><\/i>\t\t\t\t\t<\/div>\t\n\t\t\t\t\t\t\t\t\n\n\t\t\t\t<div class=\"contact\">\n\t\t\t\t\t\n\t\t\t\t\t\t\t\t\t\t\t<div class=\"label\">\n\t\t\t\t\t\t\tA guided tour of the waterfalls of Ouzoud and boat ride\t\t\t\t\t\t<\/div>\n\t\t\t\t\t\n\t\t\t\t\t<ul class=\"info\">\n\t\t\t\t\t\t\n\t\t\t\t\t\t\t\t<li class=\"item\">\n\n\t\t\t\t\t\t\t\t\t\t\t\t\t\t\t\t\t\t\t\t\t\t\t\t\t\t\t\t\t\t\t\t\t\t\t\t\t\t\t\t<\/li>\n\t\t\t\t\t\t\t\n\t\t\t\t\t\t\t\t\t\t\t<\/ul>\n\n\t\t\t\t<\/div>\n\n\t\t\t<\/div>\n\n\t\t\t\t\t\t<\/div>\n\t\t\t\t<\/div>\n\t\t\t\t<div class=\"elementor-element elementor-element-d0d0e82 elementor-widget elementor-widget-romancy_elementor_contact_info\" data-id=\"d0d0e82\" data-element_type=\"widget\" data-widget_type=\"romancy_elementor_contact_info.default\">\n\t\t\t\t<div class=\"elementor-widget-container\">\n\t\t\t\t\t\n\t\t\t<div class=\"ova-contact-info\">\n\t\t\t\t\n\t\t\t\t\t\t\t\t\t<div class=\"icon\">\n\t\t\t\t\t\t<i aria-hidden=\"true\" class=\"ovaicon ovaicon-checked-1\"><\/i>\t\t\t\t\t<\/div>\t\n\t\t\t\t\t\t\t\t\n\n\t\t\t\t<div class=\"contact\">\n\t\t\t\t\t\n\t\t\t\t\t\t\t\t\t\t\t<div class=\"label\">\n\t\t\t\t\t\t\tVisit the Bahia Palace\t\t\t\t\t\t<\/div>\n\t\t\t\t\t\n\t\t\t\t\t<ul class=\"info\">\n\t\t\t\t\t\t\n\t\t\t\t\t\t\t\t<li class=\"item\">\n\n\t\t\t\t\t\t\t\t\t\t\t\t\t\t\t\t\t\t\t\t\t\t\t\t\t\t\t\t\t\t\t\t\t\t\t\t\t\t\t\t<\/li>\n\t\t\t\t\t\t\t\n\t\t\t\t\t\t\t\t\t\t\t<\/ul>\n\n\t\t\t\t<\/div>\n\n\t\t\t<\/div>\n\n\t\t\t\t\t\t<\/div>\n\t\t\t\t<\/div>\n\t\t\t\t\t<\/div>\n\t\t<\/div>\n\t\t\t\t<div class=\"elementor-column elementor-col-50 elementor-top-column elementor-element elementor-element-f6553a4\" data-id=\"f6553a4\" data-element_type=\"column\">\n\t\t\t<div class=\"elementor-widget-wrap elementor-element-populated\">\n\t\t\t\t\t\t<div class=\"elementor-element elementor-element-ff0d704 elementor-pagination-position-outside elementor-widget elementor-widget-image-carousel\" data-id=\"ff0d704\" data-element_type=\"widget\" data-settings=\"{&quot;slides_to_show&quot;:&quot;1&quot;,&quot;navigation&quot;:&quot;dots&quot;,&quot;autoplay_speed&quot;:3000,&quot;autoplay&quot;:&quot;yes&quot;,&quot;pause_on_hover&quot;:&quot;yes&quot;,&quot;pause_on_interaction&quot;:&quot;yes&quot;,&quot;infinite&quot;:&quot;yes&quot;,&quot;effect&quot;:&quot;slide&quot;,&quot;speed&quot;:500}\" data-widget_type=\"image-carousel.default\">\n\t\t\t\t<div class=\"elementor-widget-container\">\n\t\t\t\t\t\t\t<div class=\"elementor-image-carousel-wrapper swiper\" role=\"region\" aria-roledescription=\"carousel\" aria-label=\"Carrousel d\u2019images\" dir=\"ltr\">\n\t\t\t<div class=\"elementor-image-carousel swiper-wrapper\" aria-live=\"off\">\n\t\t\t\t\t\t\t\t<div class=\"swiper-slide\" role=\"group\" aria-roledescription=\"slide\" aria-label=\"Carrousel d\u2019images\"><figure class=\"swiper-slide-inner\"><img decoding=\"async\" class=\"swiper-slide-image\" src=\"https:\/\/villachems.com\/wp-content\/uploads\/elementor\/thumbs\/ryan-cheng-EnvfrlmAxfg-unsplash-scaled-rcbzgccneoy5sh85is2oflaidp3y759fwyz8vvg78s.jpg\" alt=\"ryan-cheng-EnvfrlmAxfg-unsplash\" \/><\/figure><\/div><div class=\"swiper-slide\" role=\"group\" aria-roledescription=\"slide\" aria-label=\"Carrousel d\u2019images\"><figure class=\"swiper-slide-inner\"><img decoding=\"async\" class=\"swiper-slide-image\" src=\"https:\/\/villachems.com\/wp-content\/uploads\/elementor\/thumbs\/ukfilmphotography-wNXWHy4R4VM-unsplash-scaled-rcbzge8bsd0qfp5f7svxkktfkguomjgwl8a7ufdewc.jpg\" alt=\"ukfilmphotography-wNXWHy4R4VM-unsplash\" \/><\/figure><\/div><div class=\"swiper-slide\" role=\"group\" aria-roledescription=\"slide\" aria-label=\"Carrousel d\u2019images\"><figure class=\"swiper-slide-inner\"><img decoding=\"async\" class=\"swiper-slide-image\" src=\"https:\/\/villachems.com\/wp-content\/uploads\/elementor\/thumbs\/matthew-fainman-3yonP2JaGTU-unsplash-scaled-rcbzgccneoy5sh85is2oflaidp3y759fwyz8vvg78s.jpg\" alt=\"matthew-fainman-3yonP2JaGTU-unsplash\" \/><\/figure><\/div><div class=\"swiper-slide\" role=\"group\" aria-roledescription=\"slide\" aria-label=\"Carrousel d\u2019images\"><figure class=\"swiper-slide-inner\"><img decoding=\"async\" class=\"swiper-slide-image\" src=\"https:\/\/villachems.com\/wp-content\/uploads\/elementor\/thumbs\/selina-bubendorfer-014r5PqRLJo-unsplash-scaled-rcbzgccneoy5sh85is2oflaidp3y759fwyz8vvg78s.jpg\" alt=\"selina-bubendorfer-014r5PqRLJo-unsplash\" \/><\/figure><\/div><div class=\"swiper-slide\" role=\"group\" aria-roledescription=\"slide\" aria-label=\"Carrousel d\u2019images\"><figure class=\"swiper-slide-inner\"><img decoding=\"async\" class=\"swiper-slide-image\" src=\"https:\/\/villachems.com\/wp-content\/uploads\/elementor\/thumbs\/ozod-scaled-rcbzge8bsd0qfp5f7svxkktfkguomjgwl8a7ufdewc.jpg\" alt=\"ozod\" \/><\/figure><\/div><div class=\"swiper-slide\" role=\"group\" aria-roledescription=\"slide\" aria-label=\"Carrousel d\u2019images\"><figure class=\"swiper-slide-inner\"><img decoding=\"async\" class=\"swiper-slide-image\" src=\"https:\/\/villachems.com\/wp-content\/uploads\/elementor\/thumbs\/03-rcbzgccneoy5sh85is2oflaidp3y759fwyz8vvg78s.jpg\" alt=\"03\" \/><\/figure><\/div><div class=\"swiper-slide\" role=\"group\" aria-roledescription=\"slide\" aria-label=\"Carrousel d\u2019images\"><figure class=\"swiper-slide-inner\"><img decoding=\"async\" class=\"swiper-slide-image\" src=\"https:\/\/villachems.com\/wp-content\/uploads\/elementor\/thumbs\/visiter-jardin-majorelle-marrakech-rcbzgdahlizg436sdahb031yz2zbeud693mqd5et2k.webp\" alt=\"visiter-jardin-majorelle-marrakech\" \/><\/figure><\/div><div class=\"swiper-slide\" role=\"group\" aria-roledescription=\"slide\" aria-label=\"Carrousel d\u2019images\"><figure class=\"swiper-slide-inner\"><img decoding=\"async\" class=\"swiper-slide-image\" src=\"https:\/\/villachems.com\/wp-content\/uploads\/elementor\/thumbs\/pexels-clive-kim-2523249-4220977-scaled-rcbzgccneoy5sh85is2oflaidp3y759fwyz8vvg78s.jpg\" alt=\"pexels-clive-kim-2523249-4220977\" \/><\/figure><\/div>\t\t\t<\/div>\n\t\t\t\t\t\t\t\n\t\t\t\t\t\t\t\t\t<div class=\"swiper-pagination\"><\/div>\n\t\t\t\t\t\t\t\t\t<\/div>\n\t\t\t\t\t\t<\/div>\n\t\t\t\t<\/div>\n\t\t\t\t\t<\/div>\n\t\t<\/div>\n\t\t\t\t\t<\/div>\n\t\t<\/section>\n\t\t\t\t<section class=\"elementor-section elementor-top-section elementor-element elementor-element-49f09a8 elementor-section-boxed elementor-section-height-default elementor-section-height-default\" data-id=\"49f09a8\" data-element_type=\"section\" data-settings=\"{&quot;background_background&quot;:&quot;classic&quot;}\">\n\t\t\t\t\t\t<div class=\"elementor-container elementor-column-gap-wide\">\n\t\t\t\t\t<div class=\"elementor-column elementor-col-50 elementor-top-column elementor-element elementor-element-edd5919\" data-id=\"edd5919\" data-element_type=\"column\">\n\t\t\t<div class=\"elementor-widget-wrap elementor-element-populated\">\n\t\t\t\t\t\t<div class=\"elementor-element elementor-element-6eb5f85 elementor-widget elementor-widget-romancy_elementor_heading\" data-id=\"6eb5f85\" data-element_type=\"widget\" data-widget_type=\"romancy_elementor_heading.default\">\n\t\t\t\t<div class=\"elementor-widget-container\">\n\t\t\t\t\t\t\t<div class=\"ova-title\">\n\n\t\t\t\n\t\t\t\t\t\t\t\n\t\t\t\t\t\t\t<h2 class=\"title\">\n\n\t\t\t\t\t\t\t\tCar rentals\t\t\t\t\t\t\t\t \n\n\t\t\t\t\t\t\t<\/h2>\n\t\t\t\t\t\t\t\n\t\t\t\t\t\t\t<p class=\"description\"> La Destination Marrakech n\u2019est pas excessive en terme de cout de location de voitures. Les routes dans la zone sont parfaitement s\u00e9curis\u00e9es et la route qui m\u00e8ne \u00e0 notre maison est goudronn\u00e9e, nous vous recommandons de louer un v\u00e9hicule pour plus de d\u00e9couvertes\n\nNotre partenaire actuel propose pour des v\u00e9hicules climatis\u00e9s.\n\nOu, pour votre confort et s\u00e9r\u00e9nit\u00e9, nous vous conseillons la location d&#039;un v\u00e9hicule avec chauffeur de 8 \u00e0 17 places :\nMise \u00e0 disposition  personnalis\u00e9e, service flexible pour s&#039;adapter \u00e0 vos itin\u00e9raires et programmes.\n- Itin\u00e9raires personnalis\u00e9e\n- flexibilit\u00e9 pour s&#039;adapter \u00e0 vos horaires et pr\u00e9f\u00e9rences.\n <\/p>\n\t\t\t\n\t\t<\/div> \n\t\t \t\n\t\t\t\t\t\t<\/div>\n\t\t\t\t<\/div>\n\t\t\t\t<div class=\"elementor-element elementor-element-1bb2d77 elementor-widget elementor-widget-romancy_elementor_contact_info\" data-id=\"1bb2d77\" data-element_type=\"widget\" data-widget_type=\"romancy_elementor_contact_info.default\">\n\t\t\t\t<div class=\"elementor-widget-container\">\n\t\t\t\t\t\n\t\t\t<div class=\"ova-contact-info\">\n\t\t\t\t\n\t\t\t\t\t\t\t\t\t<div class=\"icon\">\n\t\t\t\t\t\t<i aria-hidden=\"true\" class=\"ovaicon ovaicon-checked-1\"><\/i>\t\t\t\t\t<\/div>\t\n\t\t\t\t\t\t\t\t\n\n\t\t\t\t<div class=\"contact\">\n\t\t\t\t\t\n\t\t\t\t\t\t\t\t\t\t\t<div class=\"label\">\n\t\t\t\t\t\t\t Dacia Loga, Sanderon Stepway a partir de 30 euros par jour\t\t\t\t\t\t<\/div>\n\t\t\t\t\t\n\t\t\t\t\t<ul class=\"info\">\n\t\t\t\t\t\t\n\t\t\t\t\t\t\t\t<li class=\"item\">\n\n\t\t\t\t\t\t\t\t\t\t\t\t\t\t\t\t\t\t\t\t\t\t\t\t\t\t\t\t\t\t\t\t\t\t\t\t\t\t\t\t<\/li>\n\t\t\t\t\t\t\t\n\t\t\t\t\t\t\n\t\t\t\t\t\t\t\t<li class=\"item\">\n\n\t\t\t\t\t\t\t\t\t\t\t\t\t\t\t\t\t<\/li>\n\t\t\t\t\t\t\t\n\t\t\t\t\t\t\t\t\t\t\t<\/ul>\n\n\t\t\t\t<\/div>\n\n\t\t\t<\/div>\n\n\t\t\t\t\t\t<\/div>\n\t\t\t\t<\/div>\n\t\t\t\t<div class=\"elementor-element elementor-element-c46a0c6 elementor-widget elementor-widget-romancy_elementor_contact_info\" data-id=\"c46a0c6\" data-element_type=\"widget\" data-widget_type=\"romancy_elementor_contact_info.default\">\n\t\t\t\t<div class=\"elementor-widget-container\">\n\t\t\t\t\t\n\t\t\t<div class=\"ova-contact-info\">\n\t\t\t\t\n\t\t\t\t\t\t\t\t\t<div class=\"icon\">\n\t\t\t\t\t\t<i aria-hidden=\"true\" class=\"ovaicon ovaicon-checked-1\"><\/i>\t\t\t\t\t<\/div>\t\n\t\t\t\t\t\t\t\t\n\n\t\t\t\t<div class=\"contact\">\n\t\t\t\t\t\n\t\t\t\t\t\t\t\t\t\t\t<div class=\"label\">\n\t\t\t\t\t\t\tCitroen C elysee, polo volkswagen, from \u20ac 40 per day\t\t\t\t\t\t<\/div>\n\t\t\t\t\t\n\t\t\t\t\t<ul class=\"info\">\n\t\t\t\t\t\t\n\t\t\t\t\t\t\t\t<li class=\"item\">\n\n\t\t\t\t\t\t\t\t\t\t\t\t\t\t\t\t\t\t\t\t\t\t\t\t\t\t\t\t\t\t\t\t\t\t\t\t\t\t\t\t<\/li>\n\t\t\t\t\t\t\t\n\t\t\t\t\t\t\t\t\t\t\t<\/ul>\n\n\t\t\t\t<\/div>\n\n\t\t\t<\/div>\n\n\t\t\t\t\t\t<\/div>\n\t\t\t\t<\/div>\n\t\t\t\t<div class=\"elementor-element elementor-element-494ebb2 elementor-widget elementor-widget-romancy_elementor_contact_info\" data-id=\"494ebb2\" data-element_type=\"widget\" data-widget_type=\"romancy_elementor_contact_info.default\">\n\t\t\t\t<div class=\"elementor-widget-container\">\n\t\t\t\t\t\n\t\t\t<div class=\"ova-contact-info\">\n\t\t\t\t\n\t\t\t\t\t\t\t\t\t<div class=\"icon\">\n\t\t\t\t\t\t<i aria-hidden=\"true\" class=\"ovaicon ovaicon-checked-1\"><\/i>\t\t\t\t\t<\/div>\t\n\t\t\t\t\t\t\t\t\n\n\t\t\t\t<div class=\"contact\">\n\t\t\t\t\t\n\t\t\t\t\t\t\t\t\t\t\t<div class=\"label\">\n\t\t\t\t\t\t\tMini bus Renault Traffic or the Toyota Prado from 90 euros per day\t\t\t\t\t\t<\/div>\n\t\t\t\t\t\n\t\t\t\t\t<ul class=\"info\">\n\t\t\t\t\t\t\n\t\t\t\t\t\t\t\t<li class=\"item\">\n\n\t\t\t\t\t\t\t\t\t\t\t\t\t\t\t\t\t\t\t\t\t\t\t\t\t\t\t\t\t\t\t\t\t\t\t\t\t\t\t\t<\/li>\n\t\t\t\t\t\t\t\n\t\t\t\t\t\t\t\t\t\t\t<\/ul>\n\n\t\t\t\t<\/div>\n\n\t\t\t<\/div>\n\n\t\t\t\t\t\t<\/div>\n\t\t\t\t<\/div>\n\t\t\t\t<div class=\"elementor-element elementor-element-d1712ab elementor-widget elementor-widget-romancy_elementor_contact_info\" data-id=\"d1712ab\" data-element_type=\"widget\" data-widget_type=\"romancy_elementor_contact_info.default\">\n\t\t\t\t<div class=\"elementor-widget-container\">\n\t\t\t\t\t\n\t\t\t<div class=\"ova-contact-info\">\n\t\t\t\t\n\t\t\t\t\t\t\t\t\t<div class=\"icon\">\n\t\t\t\t\t\t<i aria-hidden=\"true\" class=\"ovaicon ovaicon-checked-1\"><\/i>\t\t\t\t\t<\/div>\t\n\t\t\t\t\t\t\t\t\n\n\t\t\t\t<div class=\"contact\">\n\t\t\t\t\t\n\t\t\t\t\t\t\t\t\t\t\t<div class=\"label\">\n\t\t\t\t\t\t\tRange Rover Evoque from \u20ac 130 per day\t\t\t\t\t\t<\/div>\n\t\t\t\t\t\n\t\t\t\t\t<ul class=\"info\">\n\t\t\t\t\t\t\n\t\t\t\t\t\t\t\t<li class=\"item\">\n\n\t\t\t\t\t\t\t\t\t\t\t\t\t\t\t\t\t\t\t\t\t\t\t\t\t\t\t\t\t\t\t\t\t\t\t\t\t\t\t\t<\/li>\n\t\t\t\t\t\t\t\n\t\t\t\t\t\t\t\t\t\t\t<\/ul>\n\n\t\t\t\t<\/div>\n\n\t\t\t<\/div>\n\n\t\t\t\t\t\t<\/div>\n\t\t\t\t<\/div>\n\t\t\t\t\t<\/div>\n\t\t<\/div>\n\t\t\t\t<div class=\"elementor-column elementor-col-50 elementor-top-column elementor-element elementor-element-ad3065c\" data-id=\"ad3065c\" data-element_type=\"column\">\n\t\t\t<div class=\"elementor-widget-wrap elementor-element-populated\">\n\t\t\t\t\t\t<div class=\"elementor-element elementor-element-199024e elementor-widget elementor-widget-image\" data-id=\"199024e\" data-element_type=\"widget\" data-widget_type=\"image.default\">\n\t\t\t\t<div class=\"elementor-widget-container\">\n\t\t\t\t\t\t\t\t\t\t\t\t\t\t\t<img fetchpriority=\"high\" decoding=\"async\" width=\"800\" height=\"533\" src=\"https:\/\/villachems.com\/wp-content\/uploads\/2024\/08\/location-de-voiture-1024x682.jpg\" class=\"attachment-large size-large wp-image-3730\" alt=\"\" srcset=\"https:\/\/villachems.com\/wp-content\/uploads\/2024\/08\/location-de-voiture-1024x682.jpg 1024w, https:\/\/villachems.com\/wp-content\/uploads\/2024\/08\/location-de-voiture-300x200.jpg 300w, https:\/\/villachems.com\/wp-content\/uploads\/2024\/08\/location-de-voiture-768x512.jpg 768w, https:\/\/villachems.com\/wp-content\/uploads\/2024\/08\/location-de-voiture-600x400.jpg 600w, https:\/\/villachems.com\/wp-content\/uploads\/2024\/08\/location-de-voiture.jpg 1280w\" sizes=\"(max-width: 800px) 100vw, 800px\" \/>\t\t\t\t\t\t\t\t\t\t\t\t\t\t\t<\/div>\n\t\t\t\t<\/div>\n\t\t\t\t\t<\/div>\n\t\t<\/div>\n\t\t\t\t\t<\/div>\n\t\t<\/section>\n\t\t\t\t<\/div>","protected":false},"excerpt":{"rendered":"<p>Des excursions privatives Au d\u00e9part de la maison sont propos\u00e9es La Vall\u00e9e de Lourika Coucher du Soleil a dos de Dromadaire dans le d\u00e9sert d\u2019Agafay Diner spectacle Fantasia chez Ali Visite des jardins de Majorelle, de la Koutoubia, des tombeaux saoudiens, de la m\u00e9dina, de la place Jemaa el Fna et des souk Excursion guid\u00e9e [&hellip;]<\/p>\n","protected":false},"author":2,"featured_media":3566,"parent":0,"menu_order":0,"comment_status":"closed","ping_status":"closed","template":"","meta":{"footnotes":""},"class_list":["post-3675","page","type-page","status-publish","has-post-thumbnail","hentry"],"_links":{"self":[{"href":"https:\/\/villachems.com\/en\/wp-json\/wp\/v2\/pages\/3675","targetHints":{"allow":["GET"]}}],"collection":[{"href":"https:\/\/villachems.com\/en\/wp-json\/wp\/v2\/pages"}],"about":[{"href":"https:\/\/villachems.com\/en\/wp-json\/wp\/v2\/types\/page"}],"author":[{"embeddable":true,"href":"https:\/\/villachems.com\/en\/wp-json\/wp\/v2\/users\/2"}],"replies":[{"embeddable":true,"href":"https:\/\/villachems.com\/en\/wp-json\/wp\/v2\/comments?post=3675"}],"version-history":[{"count":7,"href":"https:\/\/villachems.com\/en\/wp-json\/wp\/v2\/pages\/3675\/revisions"}],"predecessor-version":[{"id":7940,"href":"https:\/\/villachems.com\/en\/wp-json\/wp\/v2\/pages\/3675\/revisions\/7940"}],"wp:featuredmedia":[{"embeddable":true,"href":"https:\/\/villachems.com\/en\/wp-json\/wp\/v2\/media\/3566"}],"wp:attachment":[{"href":"https:\/\/villachems.com\/en\/wp-json\/wp\/v2\/media?parent=3675"}],"curies":[{"name":"wp","href":"https:\/\/api.w.org\/{rel}","templated":true}]}}