{"id":3121,"date":"2022-08-15T02:37:20","date_gmt":"2022-08-15T02:37:20","guid":{"rendered":"https:\/\/villachems.com\/?page_id=13"},"modified":"2024-04-29T13:58:45","modified_gmt":"2024-04-29T11:58:45","slug":"mentions-legales","status":"publish","type":"page","link":"https:\/\/villachems.com\/en\/mentions-legales\/","title":{"rendered":"Mentions l\u00e9gales"},"content":{"rendered":"<div data-elementor-type=\"wp-page\" data-elementor-id=\"3121\" class=\"elementor elementor-3121\" data-elementor-post-type=\"page\">\n\t\t\t\t<div class=\"elementor-element elementor-element-71ff187e e-flex e-con-boxed e-con e-parent\" data-id=\"71ff187e\" data-element_type=\"container\">\n\t\t\t\t\t<div class=\"e-con-inner\">\n\t\t\t\t<div class=\"elementor-element elementor-element-1188b351 elementor-widget elementor-widget-text-editor\" data-id=\"1188b351\" data-element_type=\"widget\" data-widget_type=\"text-editor.default\">\n\t\t\t\t<div class=\"elementor-widget-container\">\n\t\t\t\t\t\t\t\t\t\n<h2>Informations relatives \u00e0 l&rsquo;\u00e9diteur du site<\/h2>\n<p><em>D\u00e9nomination sociale :<\/em> LR IMMO<\/p>\n<p><em>Adresse du si\u00e8ge social :<\/em> 680 chemin de la Garde 83570 Carces<\/p>\n<p><em>RCS :<\/em> Draguignan D 908 650 963<\/p>\n<p><em>T\u00e9l\u00e9phone :<\/em> 07.86.48.87.30<\/p>\n<p><em>Directeur de la publication :<\/em> Lucas RIERA<\/p>\n<h2>Informations relatives \u00e0 l&rsquo;h\u00e9bergeur du site<\/h2>\n<p><strong>OVH SAS<\/strong><\/p>\n<p>2, rue Kellermann 59100 Roubaix<\/p>\n<p>www.ovh.com<\/p>\n<p>08 20 32 03 63<\/p>\n<p>Liens hypertextes, visuels etc&#8230;<\/p>\n<p>Les liens hypertextes mis en place dans le cadre du pr\u00e9sent site en direction d\u2019autres ressources internet pr\u00e9sentes sur le r\u00e9seau Internet ne seraient engager la responsabilit\u00e9 de la soci\u00e9t\u00e9 LR IMMO.<\/p>\n<p>Les risques li\u00e9s \u00e0 l\u2019utilisation de ces sites incombent pleinement \u00e0 l\u2019utilisateur. Il se conformera \u00e0 leurs conditions d\u2019utilisation.<\/p>\n<p>La reproduction du site, m\u00eame partielle, est interdite.<\/p>\n\t\t\t\t\t\t\t\t<\/div>\n\t\t\t\t<\/div>\n\t\t\t\t\t<\/div>\n\t\t\t\t<\/div>\n\t\t\t\t<\/div>","protected":false},"excerpt":{"rendered":"<p>Informations relatives \u00e0 l&rsquo;\u00e9diteur du site D\u00e9nomination sociale : LR IMMO Adresse du si\u00e8ge social : 680 chemin de la Garde 83570 Carces RCS : Draguignan D 908 650 963 T\u00e9l\u00e9phone : 07.86.48.87.30 Directeur de la publication : Lucas RIERA Informations relatives \u00e0 l&rsquo;h\u00e9bergeur du site OVH SAS 2, rue Kellermann 59100 Roubaix www.ovh.com 08 [&hellip;]<\/p>\n","protected":false},"author":2,"featured_media":0,"parent":0,"menu_order":0,"comment_status":"closed","ping_status":"closed","template":"","meta":{"footnotes":""},"class_list":["post-3121","page","type-page","status-publish","hentry"],"_links":{"self":[{"href":"https:\/\/villachems.com\/en\/wp-json\/wp\/v2\/pages\/3121","targetHints":{"allow":["GET"]}}],"collection":[{"href":"https:\/\/villachems.com\/en\/wp-json\/wp\/v2\/pages"}],"about":[{"href":"https:\/\/villachems.com\/en\/wp-json\/wp\/v2\/types\/page"}],"author":[{"embeddable":true,"href":"https:\/\/villachems.com\/en\/wp-json\/wp\/v2\/users\/2"}],"replies":[{"embeddable":true,"href":"https:\/\/villachems.com\/en\/wp-json\/wp\/v2\/comments?post=3121"}],"version-history":[{"count":0,"href":"https:\/\/villachems.com\/en\/wp-json\/wp\/v2\/pages\/3121\/revisions"}],"wp:attachment":[{"href":"https:\/\/villachems.com\/en\/wp-json\/wp\/v2\/media?parent=3121"}],"curies":[{"name":"wp","href":"https:\/\/api.w.org\/{rel}","templated":true}]}}